{"id":273,"date":"2015-11-04T19:27:59","date_gmt":"2015-11-04T18:27:59","guid":{"rendered":"http:\/\/xn--hamsterclub-hntrop-1979-klc.de\/?page_id=273"},"modified":"2023-09-18T20:31:18","modified_gmt":"2023-09-18T18:31:18","slug":"history","status":"publish","type":"page","link":"http:\/\/xn--hamsterclub-hntrop-1979-klc.de\/index.php\/history\/","title":{"rendered":"History"},"content":{"rendered":"<p><a href=\"http:\/\/xn--hamsterclub-hntrop-1979-klc.de\/wp-content\/uploads\/2019\/12\/1989-10-J\u00e4hriges-Jubil\u00e4um-Fliese-1a-scaled.jpg\"><img loading=\"lazy\" decoding=\"async\" class=\"\" src=\"http:\/\/xn--hamsterclub-hntrop-1979-klc.de\/wp-content\/uploads\/2019\/12\/1989-10-J\u00e4hriges-Jubil\u00e4um-Fliese-1a-1024x856.jpg\" alt=\"Dieses Bild hat ein leeres Alt-Attribut. Der Dateiname ist 1989-10-J\u00e4hriges-Jubil\u00e4um-Fliese-1a-1024x856.jpg\" width=\"158\" height=\"132\"><\/a>&nbsp; <a href=\"http:\/\/xn--hamsterclub-hntrop-1979-klc.de\/wp-content\/uploads\/2019\/02\/20Ja.jpg\"><img loading=\"lazy\" decoding=\"async\" class=\"\" src=\"http:\/\/xn--hamsterclub-hntrop-1979-klc.de\/wp-content\/uploads\/2019\/02\/20Ja-1024x1001.jpg\" alt=\"Dieses Bild hat ein leeres Alt-Attribut. Der Dateiname ist 20Ja-1024x1001.jpg\" width=\"143\" height=\"140\"><\/a>&nbsp; &nbsp; <a href=\"http:\/\/xn--hamsterclub-hntrop-1979-klc.de\/wp-content\/uploads\/2019\/01\/30Jahre-1.jpg\"><img loading=\"lazy\" decoding=\"async\" class=\"\" src=\"http:\/\/xn--hamsterclub-hntrop-1979-klc.de\/wp-content\/uploads\/2019\/01\/30Jahre-1.jpg\" alt=\"Dieses Bild hat ein leeres Alt-Attribut. Der Dateiname ist 30Jahre-1.jpg\" width=\"137\" height=\"139\"><\/a>&nbsp; <a href=\"http:\/\/xn--hamsterclub-hntrop-1979-klc.de\/wp-content\/uploads\/2019\/02\/40-Jahre1.jpg\"><img loading=\"lazy\" decoding=\"async\" class=\"\" src=\"http:\/\/xn--hamsterclub-hntrop-1979-klc.de\/wp-content\/uploads\/2019\/02\/40-Jahre1-1024x967.jpg\" alt=\"Dieses Bild hat ein leeres Alt-Attribut. Der Dateiname ist 40-Jahre1-1024x967.jpg\" width=\"142\" height=\"134\"><\/a><\/p>\n<p>&nbsp;<\/p>\n<p style=\"text-align: center;\"><span style=\"color: #000000;\">Eine kleine Gruppe gleichgesinnter Karnevalisten wurde 1979 durch den Schlager, es war einmal ein Hamster, inspiriert und gr\u00fcndeten den Hamster-Club H\u00f6ntrop 1979.<\/span><\/p>\n<p style=\"text-align: center;\"><span style=\"color: #000000;\">1980 konnte der Club sein erstes K\u00f6nigspaar ernennen. Zum ersten Mal nahm der Hamster-Club H\u00f6ntrop 1979 mit einem eigenen Festwagen am traditionellen Karnevalsumzug in Wattenscheid als auch am Rosenmontag in H\u00f6ntrop im Jahre 1982 teil und ist seit dem Bestandteil der Umz\u00fcge.<\/span><\/p>\n<p style=\"text-align: center;\"><span style=\"color: #000000;\">Seit 1983 gilt zur Erlangung der K\u00f6nigsw\u00fcrde ein festes Regelwerk. K\u00f6nig der Hamster darf sich demnach, f\u00fcr 2 Jahre, derjenige nennen, der einen Holzbalken mit einem normalen Handbeil in einem fairen Wettkampf als erster zerteilt. Diese Veranstaltung, das sogenannte Hamsterhacken, hat sich zu einem festen Programmpunkt des heimischen Karnevals entwickelt.<\/span><\/p>\n<p style=\"text-align: center;\"><span style=\"color: #000000;\">Der Club hat mit Willi Fladder, der 93 Jahre alt ist, den wohl \u00e4ltesten aktiven Karnevalisten Wattenscheids, wenn nicht sogar NRW\u00b4s in seinen Reihen. Der Hamster-Club H\u00f6ntrop 1979 ist nach wie vor ein kleiner Karnevalsverein mit z.Z. 30 Mitgliedern der seit 36 Jahren existiert.<\/span><\/p>\n<p style=\"text-align: center;\"><span style=\"color: #000000;\">Wenn Sie neugierig geworden sind und mehr \u00fcber die Hamster wissen m\u00f6chten stehen wir unter Telefon: 02327\/72275, Diethard Hamel, Pressewart, f\u00fcr weitere Informationen gerne zur Verf\u00fcgung, selbstverst\u00e4ndlich sind auch immer neue Mitglieder die dem karnevalistischen Brauchtum positiv gegen\u00fcber stehen Herzlich Willkommen.<\/span><\/p>\n<h2 style=\"text-align: center;\"><span style=\"color: #ff0000;\">Ham Ham Helau<\/span><\/h2>\n<p style=\"text-align: center;\">&#8212;-<\/p>\n<p>&nbsp;&nbsp;&nbsp;&nbsp;&nbsp;&nbsp;&nbsp; &nbsp; &nbsp; &nbsp;&nbsp;&nbsp;&nbsp;&nbsp; <img loading=\"lazy\" decoding=\"async\" class=\"alignnone\" src=\"http:\/\/xn--hamsterclub-hntrop-1979-klc.de\/wp-content\/uploads\/2019\/12\/1989-10-J\u00e4hriges-Jubil\u00e4um-Orden-silber-A1-1024x707.jpg\" alt=\"Dieses Bild hat ein leeres Alt-Attribut. Der Dateiname ist 1989-10-J\u00e4hriges-Jubil\u00e4um-Orden-silber-A1-1024x707.jpg\" width=\"227\" height=\"157\"> &nbsp; &nbsp; &nbsp; <img loading=\"lazy\" decoding=\"async\" class=\"alignnone\" src=\"http:\/\/xn--hamsterclub-hntrop-1979-klc.de\/wp-content\/uploads\/2019\/12\/1989-10-J\u00e4hriges-Jubil\u00e4um-Orden-gold-1-1024x698.jpg\" alt=\"Dieses Bild hat ein leeres Alt-Attribut. Der Dateiname ist 1989-10-J\u00e4hriges-Jubil\u00e4um-Orden-gold-1-1024x698.jpg\" width=\"231\" height=\"158\"><\/p>\n<h3 style=\"text-align: center;\"><strong>Orden 10 Jahre Hamster &#8211; Club von 1989 in Silber und Gold<\/strong><\/h3>\n\n<div class=\"wp-block-image\">\n<figure class=\"aligncenter size-full is-resized\"><a href=\"http:\/\/xn--hamsterclub-hntrop-1979-klc.de\/wp-content\/uploads\/2023\/09\/Hamster-Club-44b.jpg\"><img loading=\"lazy\" decoding=\"async\" src=\"http:\/\/xn--hamsterclub-hntrop-1979-klc.de\/wp-content\/uploads\/2023\/09\/Hamster-Club-44b.jpg\" alt=\"\" class=\"wp-image-4702\" style=\"width:426px;height:290px\" width=\"426\" height=\"290\" srcset=\"http:\/\/xn--hamsterclub-hntrop-1979-klc.de\/wp-content\/uploads\/2023\/09\/Hamster-Club-44b.jpg 625w, http:\/\/xn--hamsterclub-hntrop-1979-klc.de\/wp-content\/uploads\/2023\/09\/Hamster-Club-44b-300x204.jpg 300w\" sizes=\"auto, (max-width: 426px) 100vw, 426px\" \/><\/a><\/figure>\n<\/div>\n\n\n<p class=\"has-text-align-center\"><strong>Anstecknadel zu 44 Jahre Hamster Club H\u00f6ntrop 1979<\/strong><\/p>\n\n\n\n<p><\/p>\n","protected":false},"excerpt":{"rendered":"<p>&nbsp; &nbsp; &nbsp; &nbsp; &nbsp; Eine kleine Gruppe gleichgesinnter Karnevalisten wurde 1979 durch den Schlager, es war einmal ein Hamster, inspiriert und gr\u00fcndeten den Hamster-Club H\u00f6ntrop 1979. 1980 konnte der Club sein erstes K\u00f6nigspaar ernennen. Zum ersten Mal nahm der Hamster-Club H\u00f6ntrop 1979 mit einem eigenen Festwagen am traditionellen Karnevalsumzug in Wattenscheid als auch am [&hellip;]<\/p>\n","protected":false},"author":1,"featured_media":0,"parent":0,"menu_order":0,"comment_status":"closed","ping_status":"closed","template":"","meta":{"ngg_post_thumbnail":0,"footnotes":""},"class_list":["post-273","page","type-page","status-publish","hentry"],"_links":{"self":[{"href":"http:\/\/xn--hamsterclub-hntrop-1979-klc.de\/index.php\/wp-json\/wp\/v2\/pages\/273","targetHints":{"allow":["GET"]}}],"collection":[{"href":"http:\/\/xn--hamsterclub-hntrop-1979-klc.de\/index.php\/wp-json\/wp\/v2\/pages"}],"about":[{"href":"http:\/\/xn--hamsterclub-hntrop-1979-klc.de\/index.php\/wp-json\/wp\/v2\/types\/page"}],"author":[{"embeddable":true,"href":"http:\/\/xn--hamsterclub-hntrop-1979-klc.de\/index.php\/wp-json\/wp\/v2\/users\/1"}],"replies":[{"embeddable":true,"href":"http:\/\/xn--hamsterclub-hntrop-1979-klc.de\/index.php\/wp-json\/wp\/v2\/comments?post=273"}],"version-history":[{"count":21,"href":"http:\/\/xn--hamsterclub-hntrop-1979-klc.de\/index.php\/wp-json\/wp\/v2\/pages\/273\/revisions"}],"predecessor-version":[{"id":4714,"href":"http:\/\/xn--hamsterclub-hntrop-1979-klc.de\/index.php\/wp-json\/wp\/v2\/pages\/273\/revisions\/4714"}],"wp:attachment":[{"href":"http:\/\/xn--hamsterclub-hntrop-1979-klc.de\/index.php\/wp-json\/wp\/v2\/media?parent=273"}],"curies":[{"name":"wp","href":"https:\/\/api.w.org\/{rel}","templated":true}]}}