{"id":301,"date":"2015-11-05T22:56:37","date_gmt":"2015-11-05T21:56:37","guid":{"rendered":"http:\/\/xn--hamsterclub-hntrop-1979-klc.de\/?page_id=301"},"modified":"2018-05-26T18:12:32","modified_gmt":"2018-05-26T16:12:32","slug":"video","status":"publish","type":"page","link":"http:\/\/xn--hamsterclub-hntrop-1979-klc.de\/index.php\/video\/","title":{"rendered":"Video"},"content":{"rendered":"<h2><iframe loading=\"lazy\" src=\"https:\/\/www.youtube.com\/embed\/pJnEuC_zwTA\" allowfullscreen=\"allowfullscreen\" width=\"420\" height=\"315\" frameborder=\"0\"><\/iframe><\/h2>\r\n<h2><em>K\u00f6nigsball 2009<\/em><\/h2>\r\n&nbsp;\r\n<h2><iframe loading=\"lazy\" src=\"https:\/\/www.youtube.com\/embed\/NdH3ID1QOS8\" allowfullscreen=\"allowfullscreen\" width=\"420\" height=\"315\" frameborder=\"0\"><\/iframe><span id=\"eow-title\" class=\"watch-title \" dir=\"ltr\" title=\"Programmausschnitt K\u00f6nigsball 2009\">&nbsp;<\/span><\/h2>\r\n<h2><span id=\"eow-title\" class=\"watch-title \" dir=\"ltr\" title=\"Programmausschnitt K\u00f6nigsball 2009\"> Programmausschnitt K\u00f6nigsball 2009<\/span><\/h2>\r\n&nbsp;\r\n<h2 style=\"text-align: left;\"><a href=\"http:\/\/hamsterclub-h\u00f6ntrop-1979.de\/index.php\/impressum\/\">Impressum<\/a><\/h2>\r\n<p style=\"text-align: left;\">Haftung f\u00fcr Links<\/p>\r\n<p style=\"text-align: left;\">Unser Angebot enth\u00e4lt Links zu externen Websites Dritter, auf deren Inhalte wir keinen Einfluss haben. Deshalb k\u00f6nnen wir f\u00fcr diese fremden Inhalte auch keine Gew\u00e4hr \u00fcbernehmen. F\u00fcr die Inhalte der verlinkten Seiten ist stets der jeweilige Anbieter oder Betreiber der Seiten verantwortlich. Die verlinkten Seiten wurden zum Zeitpunkt der Verlinkung auf m\u00f6gliche Rechtsverst\u00f6\u00dfe \u00fcberpr\u00fcft. Rechtswidrige Inhalte waren zum Zeitpunkt der Verlinkung nicht erkennbar. Eine permanente inhaltliche Kontrolle der verlinkten Seiten ist jedoch ohne konkrete Anhaltspunkte einer Rechtsverletzung nicht zumutbar. Bei Bekanntwerden von Rechtsverletzungen werden wir derartige Links umgehend entfernen.<\/p>\r\n<p style=\"text-align: left;\">&#8212;&#8212;&#8212;&#8212;&#8212;&#8212;&#8212;&#8212;&#8212;&#8212;&#8212;-<\/p>\r\n<p style=\"text-align: left;\">Plugins und Tools<\/p>\r\n<p style=\"text-align: left;\">YouTube Unsere Website nutzt Plugins der von Google betriebenen Seite YouTube. Betreiber der Seiten ist die YouTube, LLC, 901 Cherry Ave., San Bruno, CA 94066, USA. Wenn Sie eine unserer mit einem YouTube-Plugin ausgestatteten Seiten besuchen, wird eine Verbindung zu den Servern von YouTube hergestellt. Dabei wird dem YouTube-Server mitgeteilt, welche unserer Seiten Sie besucht haben. Wenn Sie in Ihrem YouTube-Account eingeloggt sind, erm\u00f6glichen Sie YouTube, Ihr Surfverhalten direkt Ihrem pers\u00f6nlichen Profil zuzuordnen. Dies k\u00f6nnen Sie verhindern, indem Sie sich aus Ihrem YouTubeAccount ausloggen. Die Nutzung von YouTube erfolgt im Interesse einer ansprechenden Darstellung unserer Online-Angebote. Dies stellt ein berechtigtes Interesse im Sinne von Art. 6 Abs. 1 lit. f DSGVO dar. Weitere Informationen zum Umgang mit Nutzerdaten finden Sie in der Datenschutzerkl\u00e4rung von YouTube unter: https:\/\/www.google.de\/intl\/de\/policies\/privacy.<\/p>","protected":false},"excerpt":{"rendered":"<p>K\u00f6nigsball 2009 &nbsp; &nbsp; Programmausschnitt K\u00f6nigsball 2009 &nbsp; Impressum Haftung f\u00fcr Links Unser Angebot enth\u00e4lt Links zu externen Websites Dritter, auf deren Inhalte wir keinen Einfluss haben. Deshalb k\u00f6nnen wir f\u00fcr diese fremden Inhalte auch keine Gew\u00e4hr \u00fcbernehmen. F\u00fcr die Inhalte der verlinkten Seiten ist stets der jeweilige Anbieter oder Betreiber der Seiten verantwortlich. Die [&hellip;]<\/p>\n","protected":false},"author":1,"featured_media":0,"parent":0,"menu_order":0,"comment_status":"closed","ping_status":"closed","template":"","meta":{"ngg_post_thumbnail":0,"footnotes":""},"class_list":["post-301","page","type-page","status-publish","hentry"],"_links":{"self":[{"href":"http:\/\/xn--hamsterclub-hntrop-1979-klc.de\/index.php\/wp-json\/wp\/v2\/pages\/301","targetHints":{"allow":["GET"]}}],"collection":[{"href":"http:\/\/xn--hamsterclub-hntrop-1979-klc.de\/index.php\/wp-json\/wp\/v2\/pages"}],"about":[{"href":"http:\/\/xn--hamsterclub-hntrop-1979-klc.de\/index.php\/wp-json\/wp\/v2\/types\/page"}],"author":[{"embeddable":true,"href":"http:\/\/xn--hamsterclub-hntrop-1979-klc.de\/index.php\/wp-json\/wp\/v2\/users\/1"}],"replies":[{"embeddable":true,"href":"http:\/\/xn--hamsterclub-hntrop-1979-klc.de\/index.php\/wp-json\/wp\/v2\/comments?post=301"}],"version-history":[{"count":15,"href":"http:\/\/xn--hamsterclub-hntrop-1979-klc.de\/index.php\/wp-json\/wp\/v2\/pages\/301\/revisions"}],"predecessor-version":[{"id":2558,"href":"http:\/\/xn--hamsterclub-hntrop-1979-klc.de\/index.php\/wp-json\/wp\/v2\/pages\/301\/revisions\/2558"}],"wp:attachment":[{"href":"http:\/\/xn--hamsterclub-hntrop-1979-klc.de\/index.php\/wp-json\/wp\/v2\/media?parent=301"}],"curies":[{"name":"wp","href":"https:\/\/api.w.org\/{rel}","templated":true}]}}