{"id":319,"date":"2015-11-09T22:29:18","date_gmt":"2015-11-09T21:29:18","guid":{"rendered":"http:\/\/xn--hamsterclub-hntrop-1979-klc.de\/?page_id=319"},"modified":"2023-02-18T17:09:54","modified_gmt":"2023-02-18T16:09:54","slug":"links","status":"publish","type":"page","link":"http:\/\/xn--hamsterclub-hntrop-1979-klc.de\/index.php\/links\/","title":{"rendered":"Links"},"content":{"rendered":"<h3 style=\"text-align: center;\"><span style=\"color: #800000;\"><a style=\"color: #800000;\" href=\"http:\/\/www.fwk-wattenscheid.de\/\" target=\"_blank\" rel=\"noopener noreferrer\"><img decoding=\"async\" src=\"http:\/\/xn--hamsterclub-hntrop-1979-klc.de\/wp-content\/uploads\/2022\/01\/fwk22.jpg\" alt=\"Dieses Bild hat ein leeres Alt-Attribut. Der Dateiname ist fwk22.jpg\"><\/a><\/span><\/h3>\n<h3 style=\"text-align: center;\"><span style=\"color: #800000;\"><a style=\"color: #800000;\" href=\"http:\/\/www.fwk-wattenscheid.de\/\" target=\"_blank\" rel=\"noopener noreferrer\">Festausschu\u00df Wattenscheider Karneval<\/a><\/span><\/h3>\n<p style=\"text-align: center;\">&#8212;&#8212;&#8212;&#8212;&#8212;&#8212;&#8212;&#8212;&#8212;&#8212;&#8212;&#8212;&#8212;&#8212;&#8212;&#8212;-<\/p>\n<h3 style=\"text-align: center;\"><a href=\"http:\/\/spielmannszug-hgc.de\/index.html\" target=\"_blank\" rel=\"noopener noreferrer\"><img decoding=\"async\" src=\"http:\/\/xn--hamsterclub-hntrop-1979-klc.de\/wp-content\/uploads\/2022\/01\/Gaensereiter.jpg\" alt=\"Dieses Bild hat ein leeres Alt-Attribut. Der Dateiname ist Gaensereiter.jpg\"><\/a><\/h3>\n<h3 style=\"text-align: center;\"><span style=\"color: #800000;\"><a style=\"color: #800000;\" href=\"http:\/\/spielmannszug-hgc.de\/index.html\">G\u00e4nsereiter-Club H\u00f6ntrop<\/a> <\/span><em>&nbsp; ( von 1598 )<\/em><\/h3>\n<p style=\"text-align: center;\">&#8212;&#8212;&#8212;&#8212;&#8212;&#8212;&#8212;&#8212;&#8212;&#8212;&#8212;&#8212;&#8212;&#8212;&#8212;&#8212;-<\/p>\n<p style=\"text-align: center;\"><a href=\"https:\/\/www.sgc1598.de\/\"><img loading=\"lazy\" decoding=\"async\" class=\"\" src=\"http:\/\/xn--hamsterclub-hntrop-1979-klc.de\/wp-content\/uploads\/2022\/01\/Sevighauser22.jpg\" alt=\"Dieses Bild hat ein leeres Alt-Attribut. Der Dateiname ist Sevighauser22.jpg\" width=\"94\" height=\"95\"><\/a><\/p>\n<h3 style=\"text-align: center;\"><span style=\"color: #800000;\"><a style=\"color: #800000;\" href=\"https:\/\/www.sgc1598.de\/\" target=\"_blank\" rel=\"noopener noreferrer\">Sevinghauser G\u00e4nsereiter-Club<\/a><\/span> <em>&nbsp; ( von 1598 )<\/em><\/h3>\n<h3 style=\"text-align: center;\">&#8212;&#8212;&#8212;&#8212;&#8212;&#8212;&#8212;&#8212;&#8212;&#8212;&#8212;&#8212;&#8212;&#8212;&#8212;&#8212;-<span style=\"color: #800000;\"><a href=\"http:\/\/xn--hamsterclub-hntrop-1979-klc.de\/wp-content\/uploads\/2022\/01\/Kolping22.jpg\"><img loading=\"lazy\" decoding=\"async\" width=\"104\" height=\"108\" class=\"wp-image-4544 aligncenter\" src=\"http:\/\/xn--hamsterclub-hntrop-1979-klc.de\/wp-content\/uploads\/2022\/01\/Kolping22.jpg\" alt=\"\"><\/a><a style=\"color: #800000;\" href=\"http:\/\/www.kolpingspielschar-hoentrop.de\/\"><strong><span style=\"color: #993300;\">Kolpingspielschar<\/span><\/strong><\/a><\/span><span style=\"color: #993300;\">&nbsp;<\/span>&nbsp; <em>( gegr. 1921 )<\/em><\/h3>\n\n<p style=\"text-align: center;\">&#8212;&#8212;&#8212;&#8212;&#8212;&#8212;&#8212;&#8212;&#8212;&#8212;&#8212;&#8212;&#8212;&#8212;&#8212;&#8212;&#8212;&#8212;-<\/p>\n<h3 style=\"text-align: center;\"><a href=\"https:\/\/www.zeltkarneval.de\/ueber-uns\/\"><img loading=\"lazy\" decoding=\"async\" class=\"aligncenter\" src=\"http:\/\/xn--hamsterclub-hntrop-1979-klc.de\/wp-content\/uploads\/2019\/02\/Rasselbande.jpg\" alt=\"Dieses Bild hat ein leeres Alt-Attribut. Der Dateiname ist Rasselbande.jpg\" width=\"108\" height=\"101\"><\/a><a href=\"https:\/\/www.zeltkarneval.de\/ueber-uns\/\"><strong><span style=\"color: #993300;\"><span style=\"color: #800000;\">H\u00f6ntroper Rasselbande e.V.<\/span><\/span><\/strong><\/a>&nbsp; <em>( gegr. 11.11.2011 )<\/em><\/h3>\n<p style=\"text-align: center;\">&#8212;&#8212;&#8212;&#8212;&#8212;&#8212;&#8212;&#8212;&#8212;&#8212;&#8212;&#8212;&#8212;&#8212;&#8212;&#8212;&#8212;&#8212;&#8212;&#8212;-<\/p>\n<p style=\"text-align: center;\"><a href=\"http:\/\/blauweiss-guennigfeld.npage.de\/\" target=\"_blank\" rel=\"noopener noreferrer\"><img loading=\"lazy\" decoding=\"async\" class=\"alignnone wp-image-462\" src=\"http:\/\/xn--hamsterclub-hntrop-1979-klc.de\/wp-content\/uploads\/2015\/11\/Blau-Weiss-150x150.jpg\" alt=\"Blau Weiss\" width=\"119\" height=\"119\"><\/a><\/p>\n<h3 style=\"text-align: center;\"><a href=\"http:\/\/blauweiss-guennigfeld.npage.de\/\" target=\"_blank\" rel=\"noopener noreferrer\"><span style=\"color: #800000;\">KG Blau Wei\u00df G\u00fcnnigfeld<\/span> <\/a>&nbsp;<em> ( gegr. 1969 )<\/em><\/h3>\n<p style=\"text-align: center;\">&#8212;&#8212;&#8212;&#8212;&#8212;&#8212;&#8212;&#8212;&#8212;&#8212;&#8212;&#8212;&#8212;&#8212;&#8212;&#8212;-<\/p>\n<h3 style=\"text-align: center;\"><span style=\"color: #800000;\"><a style=\"color: #800000;\" href=\"http:\/\/www.guekage.de\/\" target=\"_blank\" rel=\"noopener\"><img loading=\"lazy\" decoding=\"async\" class=\"\" src=\"http:\/\/xn--hamsterclub-hntrop-1979-klc.de\/wp-content\/uploads\/2022\/01\/GueKaGe22.jpg\" alt=\"Dieses Bild hat ein leeres Alt-Attribut. Der Dateiname ist GueKaGe22.jpg\" width=\"135\" height=\"132\"><\/a><\/span><\/h3>\n<h3 style=\"text-align: center;\"><span style=\"color: #800000;\"><a style=\"color: #800000;\" href=\"http:\/\/www.guekage.de\/\">G\u00dc KA GE&nbsp;&nbsp;<\/a><\/span>&nbsp;<em> ( gegr. 1932 )<\/em><\/h3>\n<p style=\"text-align: center;\">&#8212;&#8212;&#8212;&#8212;&#8212;&#8212;&#8212;&#8212;&#8212;&#8212;&#8212;&#8212;&#8212;&#8212;&#8212;&#8212;-<\/p>\n<p style=\"text-align: center;\"><a href=\"http:\/\/dieletztenwaterm\u00e4nner.de\/\" target=\"_blank\" rel=\"noopener noreferrer\"><img loading=\"lazy\" decoding=\"async\" class=\"alignnone wp-image-447\" src=\"http:\/\/xn--hamsterclub-hntrop-1979-klc.de\/wp-content\/uploads\/2015\/11\/Waterm\u00e4nner-Wappen-300x300.jpg\" alt=\"Waterm\u00e4nner Wappen\" width=\"106\" height=\"106\" srcset=\"http:\/\/xn--hamsterclub-hntrop-1979-klc.de\/wp-content\/uploads\/2015\/11\/Waterm\u00e4nner-Wappen-300x300.jpg 300w, http:\/\/xn--hamsterclub-hntrop-1979-klc.de\/wp-content\/uploads\/2015\/11\/Waterm\u00e4nner-Wappen-150x150.jpg 150w, http:\/\/xn--hamsterclub-hntrop-1979-klc.de\/wp-content\/uploads\/2015\/11\/Waterm\u00e4nner-Wappen-624x624.jpg 624w, http:\/\/xn--hamsterclub-hntrop-1979-klc.de\/wp-content\/uploads\/2015\/11\/Waterm\u00e4nner-Wappen.jpg 640w\" sizes=\"auto, (max-width: 106px) 100vw, 106px\" \/><\/a><\/p>\n<h2 style=\"text-align: center;\"><span style=\"color: #800000;\"><a style=\"color: #800000;\" href=\"http:\/\/dieletztenwaterm\u00e4nner.de\/\" target=\"_blank\" rel=\"noopener noreferrer\">KG \u201e Die letzten Waterm\u00e4nner\u201e<\/a><\/span><em>&nbsp;&nbsp;&nbsp; ( gegr. 18.02.1961 )<\/em><\/h2>\n<p style=\"text-align: center;\">&#8212;&#8212;&#8212;&#8212;&#8212;&#8212;&#8212;&#8212;&#8212;&#8212;&#8212;&#8212;&#8212;&#8212;&#8212;&#8212;-<\/p>\n<h3 style=\"text-align: center;\"><span style=\"color: #800000;\"><a style=\"color: #800000;\" href=\"http:\/\/www.herner-karneval.de\/\" target=\"_blank\" rel=\"noopener\"><img loading=\"lazy\" decoding=\"async\" class=\"\" src=\"http:\/\/xn--hamsterclub-hntrop-1979-klc.de\/wp-content\/uploads\/2022\/01\/HKG22.jpg\" alt=\"Dieses Bild hat ein leeres Alt-Attribut. Der Dateiname ist HKG22.jpg\" width=\"122\" height=\"128\"><\/a><\/span><\/h3>\n<h3 style=\"text-align: center;\"><span style=\"color: #800000;\"><a style=\"color: #800000;\" href=\"http:\/\/www.herner-karneval.de\/\">1. Herner Karnevalsgesellschaft<\/a><\/span>&nbsp; <em>( gegr. 1953 )<\/em><\/h3>\n<p style=\"text-align: center;\">&#8212;&#8212;&#8212;&#8212;&#8212;&#8212;&#8212;&#8212;&#8212;&#8212;&#8212;&#8212;&#8212;&#8212;&#8212;&#8212;-<\/p>\n<p style=\"text-align: center;\"><span style=\"color: #800000;\"><a style=\"color: #800000;\" href=\"http:\/\/www.holti-holau.de\/\" target=\"_blank\" rel=\"noopener noreferrer\"><img loading=\"lazy\" decoding=\"async\" class=\"\" src=\"http:\/\/xn--hamsterclub-hntrop-1979-klc.de\/wp-content\/uploads\/2022\/01\/Holti22.jpg\" alt=\"Dieses Bild hat ein leeres Alt-Attribut. Der Dateiname ist Holti22.jpg\" width=\"135\" height=\"107\"><\/a><\/span><\/p>\n<h3 style=\"text-align: center;\"><span style=\"color: #800000;\"><a style=\"color: #800000;\" href=\"http:\/\/www.holti-holau.de\/\" target=\"_blank\" rel=\"noopener noreferrer\">Aktivenkreis Holthauser Rosenmontagszug e.V.<\/a><\/span>&nbsp;&nbsp; ( gegr. 1977 )<\/h3>\n<p style=\"text-align: center;\">&#8212;&#8212;&#8212;&#8212;&#8212;&#8212;&#8212;&#8212;&#8212;&#8212;&#8212;&#8212;&#8212;&#8212;&#8212;&#8212;-<\/p>\n<p style=\"text-align: center;\"><a href=\"http:\/\/www.kgh-l.de\/\" target=\"_blank\" rel=\"noopener noreferrer\"><img loading=\"lazy\" decoding=\"async\" class=\"alignnone wp-image-459\" src=\"http:\/\/xn--hamsterclub-hntrop-1979-klc.de\/wp-content\/uploads\/2015\/11\/HertenL.-Wappen.jpg\" alt=\"HertenL. Wappen\" width=\"126\" height=\"120\"><\/a><\/p>\n<h3 style=\"text-align: center;\"><span style=\"color: #800000;\"><a style=\"color: #800000;\" href=\"http:\/\/www.kgh-l.de\/\" target=\"_blank\" rel=\"noopener noreferrer\">K.G. Herten Langenbochum e.V.<\/a><\/span><\/h3>\n<hr>\n<p style=\"text-align: center;\"><a href=\"https:\/\/www.google.com\/url?sa=t&amp;rct=j&amp;q=&amp;esrc=s&amp;source=web&amp;cd=&amp;cad=rja&amp;uact=8&amp;ved=2ahUKEwiqlL-atp_9AhXcVPEDHf6mAHgQFnoECBMQAw&amp;url=https%3A%2F%2Ffreisenbrucher.de%2Forte%2Fvereine%2Fgansereiter-club-freisenbruch-1926-e-v%2F&amp;usg=AOvVaw1iUt50qhs1limZrl8MNEy_\" target=\"_blank\" rel=\"noopener noreferrer\"><img loading=\"lazy\" decoding=\"async\" class=\"\" src=\"http:\/\/xn--hamsterclub-hntrop-1979-klc.de\/wp-content\/uploads\/2023\/02\/Gaensereiter-Freisenbruch.jpg\" alt=\"Dieses Bild hat ein leeres Alt-Attribut. Der Dateiname ist Gaensereiter-Freisenbruch.jpg\" width=\"117\" height=\"129\"><\/a><\/p>\n<h3 style=\"text-align: center;\"><span style=\"color: #800000;\"><a style=\"color: #800000;\" href=\"https:\/\/www.google.com\/url?sa=t&amp;rct=j&amp;q=&amp;esrc=s&amp;source=web&amp;cd=&amp;cad=rja&amp;uact=8&amp;ved=2ahUKEwiqlL-atp_9AhXcVPEDHf6mAHgQFnoECBMQAw&amp;url=https%3A%2F%2Ffreisenbrucher.de%2Forte%2Fvereine%2Fgansereiter-club-freisenbruch-1926-e-v%2F&amp;usg=AOvVaw1iUt50qhs1limZrl8MNEy_\" target=\"_blank\" rel=\"noopener noreferrer\">G\u00e4nsereiter-Club Freisenbruch 1926 e.V.<\/a><\/span><\/h3>\n<h3 style=\"text-align: center;\">&#8212;&#8212;&#8212;&#8212;&#8212;&#8212;&#8212;&#8212;&#8212;&#8212;&#8212;&#8212;&#8212;&#8212;&#8212;&#8212;&#8212;&#8211;<a href=\"http:\/\/portal.bund-ruhr-karneval.com\/index.php\" target=\"_blank\" rel=\"noopener noreferrer\"><img loading=\"lazy\" decoding=\"async\" class=\"aligncenter\" src=\"http:\/\/xn--hamsterclub-hntrop-1979-klc.de\/wp-content\/uploads\/2019\/10\/Bund-Ruhr-Karnevali.jpg\" alt=\"Dieses Bild hat ein leeres Alt-Attribut. Der Dateiname ist Bund-Ruhr-Karnevali.jpg\" width=\"129\" height=\"139\"><\/a><a href=\"http:\/\/portal.bund-ruhr-karneval.com\/index.php\" target=\"_blank\" rel=\"noopener noreferrer\"><span style=\"color: #993300;\"><span style=\"color: #993366;\"><span style=\"color: #800000;\">Bund Ruhr &#8211; Karneval e.V. (BRK)<\/span><\/span><\/span><\/a><\/h3>\n<p style=\"text-align: center;\">&#8211;<\/p>\n<h3 style=\"text-align: center;\">&#8211; &#8211; &#8211; &#8211; &#8211; &#8211; &#8211; &#8211; &#8211; &#8211; &#8211; &#8211; &#8211; &#8211; &#8211; &#8211; &#8211; &#8211; &#8211; &#8211; &#8211; &#8211; &#8211; &#8211; &#8211; &#8211; &#8211; &#8211; &#8211; &#8211; &#8211; &#8211; &#8211; &#8211; &#8211; &#8211; &#8211; &#8211; &#8211; &#8211; &#8211; &#8211; &#8211; &#8211; &#8211; &#8211; &#8211; &#8211; &#8211; &#8211;<\/h3>\n<h2>Impressum<\/h2>\n<p style=\"text-align: left;\">Haftung f\u00fcr Links<\/p>\n<p style=\"text-align: left;\">Unser Angebot enth\u00e4lt Links zu externen Websites Dritter, auf deren Inhalte wir keinen Einfluss haben. Deshalb k\u00f6nnen wir f\u00fcr diese fremden Inhalte auch keine Gew\u00e4hr \u00fcbernehmen. F\u00fcr die Inhalte der verlinkten Seiten ist stets der jeweilige Anbieter oder Betreiber der Seiten verantwortlich. Die verlinkten Seiten wurden zum Zeitpunkt der Verlinkung auf m\u00f6gliche Rechtsverst\u00f6\u00dfe \u00fcberpr\u00fcft. Rechtswidrige Inhalte waren zum Zeitpunkt der Verlinkung nicht erkennbar. Eine permanente inhaltliche Kontrolle der verlinkten Seiten ist jedoch ohne konkrete Anhaltspunkte einer Rechtsverletzung nicht zumutbar. Bei Bekanntwerden von Rechtsverletzungen werden wir derartige Links umgehend entfernen.<\/p>\n<p>&nbsp;<\/p>\n\n\n\n\n\n\n\n","protected":false},"excerpt":{"rendered":"<p>Festausschu\u00df Wattenscheider Karneval &#8212;&#8212;&#8212;&#8212;&#8212;&#8212;&#8212;&#8212;&#8212;&#8212;&#8212;&#8212;&#8212;&#8212;&#8212;&#8212;- G\u00e4nsereiter-Club H\u00f6ntrop &nbsp; ( von 1598 ) &#8212;&#8212;&#8212;&#8212;&#8212;&#8212;&#8212;&#8212;&#8212;&#8212;&#8212;&#8212;&#8212;&#8212;&#8212;&#8212;- Sevinghauser G\u00e4nsereiter-Club &nbsp; ( von 1598 ) &#8212;&#8212;&#8212;&#8212;&#8212;&#8212;&#8212;&#8212;&#8212;&#8212;&#8212;&#8212;&#8212;&#8212;&#8212;&#8212;-Kolpingspielschar&nbsp;&nbsp; ( gegr. 1921 ) &#8212;&#8212;&#8212;&#8212;&#8212;&#8212;&#8212;&#8212;&#8212;&#8212;&#8212;&#8212;&#8212;&#8212;&#8212;&#8212;&#8212;&#8212;- H\u00f6ntroper Rasselbande e.V.&nbsp; ( gegr. 11.11.2011 ) &#8212;&#8212;&#8212;&#8212;&#8212;&#8212;&#8212;&#8212;&#8212;&#8212;&#8212;&#8212;&#8212;&#8212;&#8212;&#8212;&#8212;&#8212;&#8212;&#8212;- KG Blau Wei\u00df G\u00fcnnigfeld &nbsp; ( gegr. 1969 ) &#8212;&#8212;&#8212;&#8212;&#8212;&#8212;&#8212;&#8212;&#8212;&#8212;&#8212;&#8212;&#8212;&#8212;&#8212;&#8212;- G\u00dc KA GE&nbsp;&nbsp;&nbsp; ( gegr. 1932 ) &#8212;&#8212;&#8212;&#8212;&#8212;&#8212;&#8212;&#8212;&#8212;&#8212;&#8212;&#8212;&#8212;&#8212;&#8212;&#8212;- KG \u201e Die letzten [&hellip;]<\/p>\n","protected":false},"author":1,"featured_media":0,"parent":0,"menu_order":0,"comment_status":"closed","ping_status":"closed","template":"","meta":{"ngg_post_thumbnail":0,"footnotes":""},"class_list":["post-319","page","type-page","status-publish","hentry"],"_links":{"self":[{"href":"http:\/\/xn--hamsterclub-hntrop-1979-klc.de\/index.php\/wp-json\/wp\/v2\/pages\/319","targetHints":{"allow":["GET"]}}],"collection":[{"href":"http:\/\/xn--hamsterclub-hntrop-1979-klc.de\/index.php\/wp-json\/wp\/v2\/pages"}],"about":[{"href":"http:\/\/xn--hamsterclub-hntrop-1979-klc.de\/index.php\/wp-json\/wp\/v2\/types\/page"}],"author":[{"embeddable":true,"href":"http:\/\/xn--hamsterclub-hntrop-1979-klc.de\/index.php\/wp-json\/wp\/v2\/users\/1"}],"replies":[{"embeddable":true,"href":"http:\/\/xn--hamsterclub-hntrop-1979-klc.de\/index.php\/wp-json\/wp\/v2\/comments?post=319"}],"version-history":[{"count":45,"href":"http:\/\/xn--hamsterclub-hntrop-1979-klc.de\/index.php\/wp-json\/wp\/v2\/pages\/319\/revisions"}],"predecessor-version":[{"id":4567,"href":"http:\/\/xn--hamsterclub-hntrop-1979-klc.de\/index.php\/wp-json\/wp\/v2\/pages\/319\/revisions\/4567"}],"wp:attachment":[{"href":"http:\/\/xn--hamsterclub-hntrop-1979-klc.de\/index.php\/wp-json\/wp\/v2\/media?parent=319"}],"curies":[{"name":"wp","href":"https:\/\/api.w.org\/{rel}","templated":true}]}}