{"id":71,"date":"2015-10-18T14:38:01","date_gmt":"2015-10-18T12:38:01","guid":{"rendered":"http:\/\/xn--hamsterclub-hntrop-1979-klc.de\/?page_id=71"},"modified":"2018-12-02T18:43:50","modified_gmt":"2018-12-02T17:43:50","slug":"impressum","status":"publish","type":"page","link":"http:\/\/xn--hamsterclub-hntrop-1979-klc.de\/index.php\/impressum\/","title":{"rendered":"Impressum \/ Datenschutz"},"content":{"rendered":"<table width=\"686\">\r\n<tbody>\r\n<tr>\r\n<td colspan=\"2\">\r\n<h1><strong>Impressum<\/strong><\/h1>\r\nBetreiber der Webseite, inhaltlich Verantwortlicher und Angaben gem\u00e4\u00df \u00a7 5 TMG:<\/td>\r\n<\/tr>\r\n<tr>\r\n<td>Verantwortlich f\u00fcr den Inhalt dieser Seiten:<\/td>\r\n<td>Hamsterclub H\u00f6ntrop 1979<\/td>\r\n<\/tr>\r\n<tr>\r\n<td>Anschrift:<\/td>\r\n<td>Monstadtstr. 20 \/\r\n44866 Bochum Wattenscheid<\/td>\r\n<\/tr>\r\n<tr>\r\n<td>Telefon:<\/td>\r\n<td>02327 81306<\/td>\r\n<\/tr>\r\n<tr>\r\n<td>Email:\r\n\r\n&nbsp;<\/td>\r\n<td><a href=\"mailto:klaus-maxi@arcor.de\" target=\"_blank\" rel=\"noopener\">klaus-maxi@arcor.de&nbsp;<\/a>\r\n\r\n&nbsp; ;&nbsp;\r\n\r\n<a href=\"mailto:hamsterclub@web.de\">hamsterclub@web.de<\/a><\/td>\r\n<\/tr>\r\n<tr>\r\n<td>Vertretungsberechtigter Vorstand:<\/td>\r\n<td>\r\n<p style=\"text-align: left;\">Klaus Baumann 1. Vorsitzender<\/p>\r\n<p style=\"text-align: left;\">Nicole Markowitz&nbsp; 2. Vorsitzende<\/p>\r\n<\/td>\r\n<\/tr>\r\n<\/tbody>\r\n<\/table>\r\n<p style=\"text-align: left;\">Haftung f\u00fcr Inhalte<\/p>\r\n<p style=\"text-align: left;\">Als Diensteanbieter sind wir gem\u00e4\u00df \u00a7 7 Abs.1 TMG f\u00fcr eigene Inhalte auf diesen Seiten nach den allgemeinen Gesetzen verantwortlich. Nach \u00a7\u00a7 8 bis 10 TMG sind wir als Diensteanbieter jedoch nicht verpflichtet, \u00fcbermittelte oder gespeicherte fremde Informationen zu \u00fcberwachen oder nach Umst\u00e4nden zu forschen, die auf eine rechtswidrige T\u00e4tigkeit hinweisen.\r\nVerpflichtungen zur Entfernung oder Sperrung der Nutzung von Informationen nach den allgemeinen Gesetzen bleiben hiervon unber\u00fchrt. Eine diesbez\u00fcgliche Haftung ist jedoch erst ab dem Zeitpunkt der Kenntnis einer konkreten Rechtsverletzung m\u00f6glich. Bei Bekanntwerden von entsprechenden Rechtsverletzungen werden wir diese Inhalte umgehend entfernen.<\/p>\r\n<p style=\"text-align: left;\">Haftung f\u00fcr Links<\/p>\r\n<p style=\"text-align: left;\">Unser Angebot enth\u00e4lt Links zu externen Websites Dritter, auf deren Inhalte wir keinen Einfluss haben. Deshalb k\u00f6nnen wir f\u00fcr diese fremden Inhalte auch keine Gew\u00e4hr \u00fcbernehmen. F\u00fcr die Inhalte der verlinkten Seiten ist stets der jeweilige Anbieter oder Betreiber der Seiten verantwortlich. Die verlinkten Seiten wurden zum Zeitpunkt der Verlinkung auf m\u00f6gliche Rechtsverst\u00f6\u00dfe \u00fcberpr\u00fcft. Rechtswidrige Inhalte waren zum Zeitpunkt der Verlinkung nicht erkennbar.\r\nEine permanente inhaltliche Kontrolle der verlinkten Seiten ist jedoch ohne konkrete Anhaltspunkte einer Rechtsverletzung nicht zumutbar. Bei Bekanntwerden von Rechtsverletzungen werden wir derartige Links umgehend entfernen.<\/p>\r\n<p style=\"text-align: left;\">Urheberrecht<\/p>\r\n<p style=\"text-align: left;\">Die durch die Seitenbetreiber erstellten Inhalte und Werke auf diesen Seiten unterliegen dem deutschen Urheberrecht. Die Vervielf\u00e4ltigung, Bearbeitung, Verbreitung und jede Art der Verwertung au\u00dferhalb der Grenzen des Urheberrechtes bed\u00fcrfen der schriftlichen Zustimmung des jeweiligen Autors bzw. Erstellers. Downloads und Kopien dieser Seite sind nur f\u00fcr den privaten, nicht kommerziellen Gebrauch gestattet.\r\nSoweit die Inhalte auf dieser Seite nicht vom Betreiber erstellt wurden, werden die Urheberrechte Dritter beachtet. Insbesondere werden Inhalte Dritter als solche gekennzeichnet. Sollten Sie trotzdem auf eine Urheberrechtsverletzung aufmerksam werden, bitten wir um einen entsprechenden Hinweis. Bei Bekanntwerden von Rechtsverletzungen werden wir derartige Inhalte umgehend entfernen.<\/p>\r\n<p style=\"text-align: left;\"><u>Datenschutzerkl\u00e4rung<\/u><\/p>\r\n&nbsp;\r\n<p style=\"text-align: left;\">1. Datenschutz auf einen Blick<\/p>\r\n&nbsp;\r\n<p style=\"text-align: left;\">Allgemeine Hinweise<\/p>\r\n<p style=\"text-align: left;\">Die folgenden Hinweise geben einen einfachen \u00dcberblick dar\u00fcber, was mit Ihren personenbezogenen Daten passiert, wenn Sie unsere Website besuchen. Personenbezogene Daten sind alle Daten, mit denen Sie pers\u00f6nlich identifiziert werden k\u00f6nnen. Ausf\u00fchrliche Informationen zum Thema Datenschutz entnehmen Sie unserer unter diesem Text aufgef\u00fchrten Datenschutzerkl\u00e4rung.<\/p>\r\n&nbsp;\r\n<p style=\"text-align: left;\">Datenerfassung auf unserer Website<\/p>\r\n<p style=\"text-align: left;\">Wer ist verantwortlich f\u00fcr die Datenerfassung auf dieser Website?\r\nDie Datenverarbeitung auf dieser Website erfolgt durch den Websitebetreiber. Dessen Kontaktdaten k\u00f6nnen Sie dem obigen Impressum dieser Website entnehmen.<\/p>\r\n&nbsp;\r\n<p style=\"text-align: left;\">Wie erfassen wir Ihre Daten?<\/p>\r\n<p style=\"text-align: left;\">Daten werden auf unser Webside nicht erhoben, bearbeitet oder gespeichert.<\/p>\r\n<p style=\"text-align: left;\">Wie z.B. um Daten, die Sie in ein Kontaktformular eingeben w\u00fcrden.<\/p>\r\n<p style=\"text-align: left;\">Andere Daten werden automatisch beim Besuch der Website durch unsere IT-Systeme erfasst. Das sind vor allem<strong> technische Daten<\/strong> (z.B. Internetbrowser, Betriebssystem oder Uhrzeit des Seitenaufrufs). Die Erfassung dieser Daten erfolgt automatisch, sobald Sie unsere Website betreten.<\/p>\r\n&nbsp;\r\n<p style=\"text-align: left;\">Wof\u00fcr nutzen wir Ihre Daten?<\/p>\r\n<p style=\"text-align: left;\">Ein Teil der Daten wird erhoben, um eine fehlerfreie Bereitstellung der Website zu gew\u00e4hrleisten. Andere Daten k\u00f6nnen zur Analyse Ihres Nutzerverhaltens verwendet werden.<\/p>\r\n&nbsp;\r\n<p style=\"text-align: left;\">Welche Rechte haben Sie bez\u00fcglich Ihrer Daten?\r\nSie haben jederzeit das Recht unentgeltlich Auskunft \u00fcber Herkunft, Empf\u00e4nger und Zweck Ihrer gespeicherten personenbezogenen Daten zu erhalten. Sie haben au\u00dferdem ein Recht, die Berichtigung, Sperrung oder L\u00f6schung dieser Daten zu verlangen. Hierzu sowie zu weiteren Fragen zum Thema Datenschutz k\u00f6nnen Sie sich jederzeit unter der im Impressum angegebenen Adresse an uns wenden.\r\nDes Weiteren steht Ihnen ein Beschwerderecht bei der zust\u00e4ndigen Aufsichtsbeh\u00f6rde zu.<\/p>\r\n&nbsp;\r\n<p style=\"text-align: left;\">2. Allgemeine Hinweise und Pflichtinformationen<\/p>\r\n&nbsp;\r\n<p style=\"text-align: left;\">Datenschutz\r\nDie Betreiber dieser Seiten nehmen den Schutz Ihrer pers\u00f6nlichen Daten sehr ernst. Wir behandeln Ihre personenbezogenen Daten vertraulich und entsprechend der gesetzlichen Datenschutzvorschriften sowie dieser Datenschutzerkl\u00e4rung.\r\nWenn Sie diese Website benutzen, werden verschiedene personenbezogene Daten erhoben. Personenbezogene Daten sind Daten, mit denen Sie pers\u00f6nlich identifiziert werden k\u00f6nnen. Die vorliegende Datenschutzerkl\u00e4rung erl\u00e4utert, welche Daten wir erheben und wof\u00fcr wir sie nutzen. Sie erl\u00e4utert auch, wie und zu welchem Zweck das geschieht.\r\nWir weisen darauf hin, dass die Daten\u00fcbertragung im Internet (z.B. bei der Kommunikation per E-Mail) Sicherheitsl\u00fccken aufweisen kann. Ein l\u00fcckenloser Schutz der Daten vor dem Zugriff durch Dritte ist nicht m\u00f6glich.<\/p>\r\n<p style=\"text-align: left;\">Hinweis zur verantwortlichen Stelle\r\nDie verantwortliche Stelle f\u00fcr die Datenverarbeitung auf dieser Website ist der Websitebetreiber. Dessen Kontaktdaten k\u00f6nnen Sie dem Impressum dieser Website entnehmen.\r\nVerantwortliche Stelle ist die nat\u00fcrliche oder juristische Person, die allein oder gemeinsam mit anderen \u00fcber die Zwecke und Mittel der Verarbeitung von personenbezogenen Daten (z.B. Namen, E-Mail-Adressen o. \u00c4.) entscheidet.\r\nBeschwerderecht bei der zust\u00e4ndigen Aufsichtsbeh\u00f6rde\r\nIm Falle datenschutzrechtlicher Verst\u00f6\u00dfe steht dem Betroffenen ein Beschwerderecht bei der zust\u00e4ndigen Aufsichtsbeh\u00f6rde zu. Zust\u00e4ndige Aufsichtsbeh\u00f6rde in datenschutzrechtlichen Fragen ist der\r\nLandesdatenschutzbeauftragte des Bundeslandes, in dem unser Unternehmen seinen Sitz hat. Eine Liste der Datenschutzbeauftragten sowie deren Kontaktdaten k\u00f6nnen folgendem Link entnommen werden:\r\n<a href=\"https:\/\/www.bfdi.bund.de\/DE\/Infothek\/Anschriften_Links\/anschriften_links-node.html.\">https:\/\/www.bfdi.bund.de\/DE\/Infothek\/Anschriften_Links\/anschriften_links-node.html.<\/a><\/p>\r\n&nbsp;\r\n<p style=\"text-align: left;\">3. Datenerfassung auf unserer Website<\/p>\r\n&nbsp;\r\n<p style=\"text-align: left;\">Server-Log-Dateien\r\nDer Provider der Seiten erhebt und speichert automatisch Informationen in so genannten Server-Log-Dateien, die Ihr Browser automatisch an uns \u00fcbermittelt. Dies sind:\r\nBrowsertyp und Browserversion, verwendetes Betriebssystem, Referrer URL, Hostname des zugreifenden Rechners, Uhrzeit der Serveranfrage, IP-Adresse\r\nEine Zusammenf\u00fchrung dieser Daten mit anderen Datenquellen wird nicht vorgenommen.\r\nGrundlage f\u00fcr die Datenverarbeitung ist Art. 6 Abs. 1 lit. f DSGVO, der die Verarbeitung von Daten zur Erf\u00fcllung eines Vertrags oder vorvertraglicher Ma\u00dfnahmen gestattet.<\/p>\r\n&nbsp;\r\n<p style=\"text-align: left;\">4. Plugins und Tools<\/p>\r\n&nbsp;\r\n<p style=\"text-align: left;\">YouTube<\/p>\r\n<p style=\"text-align: left;\">Unsere Website nutzt Plugins der von Google betriebenen Seite YouTube. Betreiber der Seiten ist die YouTube, LLC, 901 Cherry Ave., San Bruno, CA 94066, USA.\r\nWenn Sie eine unserer mit einem YouTube-Plugin ausgestatteten Seiten besuchen, wird eine Verbindung zu den Servern von YouTube hergestellt. Dabei wird dem YouTube-Server mitgeteilt, welche unserer Seiten Sie besucht haben.\r\nWenn Sie in Ihrem YouTube-Account eingeloggt sind, erm\u00f6glichen Sie YouTube, Ihr Surfverhalten direkt\r\nIhrem pers\u00f6nlichen Profil zuzuordnen. Dies k\u00f6nnen Sie verhindern, indem Sie sich aus Ihrem YouTubeAccount ausloggen.\r\nDie Nutzung von YouTube erfolgt im Interesse einer ansprechenden Darstellung unserer Online-Angebote. Dies stellt ein berechtigtes Interesse im Sinne von Art. 6 Abs. 1 lit. f DSGVO dar.\r\nWeitere Informationen zum Umgang mit Nutzerdaten finden Sie in der Datenschutzerkl\u00e4rung von\r\nYouTube unter: <a href=\"https:\/\/www.google.de\/intl\/de\/policies\/privacy\">https:\/\/www.google.de\/intl\/de\/policies\/privacy<\/a>.<\/p>\r\nGoogle Fonts &nbsp; &nbsp; &nbsp; &nbsp; &nbsp; &nbsp; &nbsp; &nbsp; &nbsp; &nbsp; &nbsp; &nbsp; &nbsp; &nbsp; &nbsp; &nbsp; &nbsp; &nbsp; &nbsp; &nbsp; &nbsp; &nbsp; &nbsp; &nbsp; &nbsp; &nbsp; &nbsp; &nbsp; &nbsp; &nbsp; &nbsp; &nbsp; &nbsp; &nbsp; &nbsp; &nbsp; &nbsp; &nbsp; &nbsp; &nbsp; &nbsp; &nbsp; &nbsp; &nbsp; &nbsp; &nbsp; &nbsp; &nbsp; &nbsp; &nbsp; &nbsp; &nbsp; &nbsp; &nbsp; &nbsp; &nbsp; &nbsp; &nbsp; &nbsp; &nbsp; &nbsp; &nbsp; &nbsp; &nbsp; &nbsp; &nbsp; &nbsp; &nbsp; &nbsp; &nbsp; &nbsp; Wir binden die Schriftarten (\u201cGoogle Fonts\u201d) des Anbieters Google LLC, 1600 Amphitheatre Parkway, Mountain View, CA 94043, USA, ein.&nbsp; Datenschutzerkl\u00e4rung: <a href=\"https:\/\/www.google.com\/policies\/privacy\/\" target=\"_blank\" rel=\"noopener\">https:\/\/www.google.com\/policies\/privacy\/<\/a>,&nbsp;&nbsp;&nbsp; Opt-Out: <a href=\"https:\/\/adssettings.google.com\/authenticated\" target=\"_blank\" rel=\"noopener\">https:\/\/adssettings.google.com\/authenticated<\/a>.\r\n\r\n&#8212;&#8212;&#8212;&#8212;&#8212;&#8212;&#8212;&#8212;&#8212;&#8212;&#8212;&#8212;&#8212;&#8212;&#8212;&#8212;&#8212;&#8212;&#8212;&#8212;&#8212;&#8212;&#8212;&#8212;&#8212;&#8212;&#8212;&#8212;&#8212;&#8212;&#8212;&#8212;&#8212;&#8212;&#8212;&#8212;&#8212;&#8212;&#8212;&#8212;&#8212;&#8212;&#8212;\r\n<h1 style=\"text-align: left;\">DISCLAIMER<\/h1>\r\n<p style=\"text-align: left;\">1. Haftungsbeschr\u00e4nkung<\/p>\r\n<p style=\"text-align: left;\">Die Webseite \u201eHamsterclub- H\u00f6ntrop-1979.de\u00b4 wurde mit gr\u00f6\u00dftm\u00f6glicher Sorgfalt erstellt. Der Anbieter dieser Webseite \u00fcbernimmt dennoch keine Gew\u00e4hr f\u00fcr die Richtigkeit, Vollst\u00e4ndigkeit und Aktualit\u00e4t der bereitgestellten Inhalte und Informationen. Die Nutzung der Webseiteninhalte erfolgt auf eigene Gefahr. Allein durch die Nutzung der Website kommt keinerlei Vertragsverh\u00e4ltnis zwischen dem Nutzer und dem Anbieter zustande.<\/p>\r\n<p style=\"text-align: left;\">2. Verlinkungen<\/p>\r\n<p style=\"text-align: left;\">Die Webseite \u201eHamsterclub- H\u00f6ntrop-1979.de\u00b4\u00b4 enth\u00e4lt Verlinkungen zu anderen Webseiten (\u201eexterne Links\u201c). Diese Webseiten unterliegen der Haftung der jeweiligen Seitenbetreiber. Bei Verkn\u00fcpfung der externen Links waren keine Rechtsverst\u00f6\u00dfe ersichtlich. Auf die aktuelle und k\u00fcnftige Gestaltung der verlinkten Seiten hat der Anbieter keinen Einfluss. Die permanente \u00dcberpr\u00fcfung der externen Links ist f\u00fcr den Anbieter ohne konkrete Hinweise auf Rechtsverst\u00f6\u00dfe nicht zumutbar. Bei Bekanntwerden von Rechtsverst\u00f6\u00dfen werden die betroffenen externen Links unverz\u00fcglich gel\u00f6scht.<\/p>\r\n<p style=\"text-align: left;\">3. Urheberrecht \/ Leistungsschutzrecht<\/p>\r\n<p style=\"text-align: left;\">Die auf dieser Webseite \u201eHamsterclub- H\u00f6ntrop-1979.de\u00b4\u00b4&nbsp; durch den Anbieter ver\u00f6ffentlichten Inhalte unterliegen dem deutschen Urheberrecht und Leistungsschutzrecht. Alle vom deutschen Urheber- und Leistungsschutzrecht nicht zugelassene Verwertung bedarf der vorherigen schriftlichen Zustimmung des Anbieters oder jeweiligen Rechteinhabers. Dies gilt vor allem f\u00fcr Vervielf\u00e4ltigung, Bearbeitung, \u00dcbersetzung, Einspeicherung, Verarbeitung bzw. Wiedergabe von Inhalten in Datenbanken oder anderen elektronischen Medien und Systemen. Dabei sind Inhalte und Rechte Dritter als solche gekennzeichnet. Das unerlaubte Kopieren der Webseiteninhalte oder der kompletten Webseite ist nicht gestattet und strafbar. Lediglich die Herstellung von Kopien und Downloads f\u00fcr den pers\u00f6nlichen, privaten und nicht kommerziellen Gebrauch ist erlaubt.<\/p>\r\n<p style=\"text-align: left;\">Diese Website \u201eHamsterclub- H\u00f6ntrop-1979.de\u00b4 darf ohne schriftliche Erlaubnis nicht durch Dritte in Frames oder iFrames dargestellt werden.<\/p>\r\n<p style=\"text-align: left;\">4. Datenschutz<\/p>\r\n<p style=\"text-align: left;\">Mit dem Besuch dieser Webseite \u201eHamsterclub- H\u00f6ntrop-1979.de\u00b4 k\u00f6nnen Informationen \u00fcber den Zugriff gespeichert werden. Diese Daten wie Uhrzeit, Datum und die betrachtete Seite geh\u00f6ren nicht zu den personenbezogenen Daten, sondern sind anonymisiert. Dies werden nur aus statistischen Zwecken erfasst. Eine Weitergabe an Dritte, zu kommerziellen oder nichtkommerziellen Zwecken, erfolgt nicht.<\/p>\r\n<p style=\"text-align: left;\">Der Anbieter weist ausdr\u00fccklich darauf hin, dass die Daten\u00fcbertragung im Internet (z.B. bei der Kommunikation per E-Mail) Sicherheitsl\u00fccken aufweisen und nicht l\u00fcckenlos vor dem Zugriff durch Dritte gesch\u00fctzt werden kann.<\/p>\r\n<p style=\"text-align: left;\">Die Verwendung der Kontaktdaten des Impressums zur gewerblichen Werbung ist ausdr\u00fccklich nicht erw\u00fcnscht, es sei denn der Anbieter hatte zuvor seine schriftliche Einwilligung erteilt oder es besteht bereits eine Gesch\u00e4ftsbeziehung. Der Anbieter und alle auf dieser Website genannten Personen widersprechen hiermit jeder kommerziellen Verwendung und Weitergabe ihrer Daten.<\/p>\r\n<p style=\"text-align: left;\">Quelle: <a href=\"http:\/\/www.fachanwalt.de\/\">Rechtsanwalt suchen<\/a>, <a href=\"http:\/\/www.fachanwalt.de\/mietrecht-wohnungseigentumsrecht\/\">Mietrecht<\/a>, <a href=\"http:\/\/www.fachanwalt.de\/rechtsanwalt\/berlin\/\">Anwalt Berlin<\/a>, <a href=\"http:\/\/www.fachanwalt.de\/ratgeber\/\">Fachgebiete<\/a>, <a href=\"http:\/\/www.fachanwalt.de\/disclaimer-vorlage\/\">Disclaimer<\/a><\/p>","protected":false},"excerpt":{"rendered":"<p>Impressum Betreiber der Webseite, inhaltlich Verantwortlicher und Angaben gem\u00e4\u00df \u00a7 5 TMG: Verantwortlich f\u00fcr den Inhalt dieser Seiten: Hamsterclub H\u00f6ntrop 1979 Anschrift: Monstadtstr. 20 \/ 44866 Bochum Wattenscheid Telefon: 02327 81306 Email: &nbsp; klaus-maxi@arcor.de&nbsp; &nbsp; ;&nbsp; hamsterclub@web.de Vertretungsberechtigter Vorstand: Klaus Baumann 1. Vorsitzender Nicole Markowitz&nbsp; 2. Vorsitzende Haftung f\u00fcr Inhalte Als Diensteanbieter sind wir gem\u00e4\u00df [&hellip;]<\/p>\n","protected":false},"author":1,"featured_media":0,"parent":0,"menu_order":0,"comment_status":"closed","ping_status":"closed","template":"","meta":{"ngg_post_thumbnail":0,"footnotes":""},"class_list":["post-71","page","type-page","status-publish","hentry"],"_links":{"self":[{"href":"http:\/\/xn--hamsterclub-hntrop-1979-klc.de\/index.php\/wp-json\/wp\/v2\/pages\/71","targetHints":{"allow":["GET"]}}],"collection":[{"href":"http:\/\/xn--hamsterclub-hntrop-1979-klc.de\/index.php\/wp-json\/wp\/v2\/pages"}],"about":[{"href":"http:\/\/xn--hamsterclub-hntrop-1979-klc.de\/index.php\/wp-json\/wp\/v2\/types\/page"}],"author":[{"embeddable":true,"href":"http:\/\/xn--hamsterclub-hntrop-1979-klc.de\/index.php\/wp-json\/wp\/v2\/users\/1"}],"replies":[{"embeddable":true,"href":"http:\/\/xn--hamsterclub-hntrop-1979-klc.de\/index.php\/wp-json\/wp\/v2\/comments?post=71"}],"version-history":[{"count":26,"href":"http:\/\/xn--hamsterclub-hntrop-1979-klc.de\/index.php\/wp-json\/wp\/v2\/pages\/71\/revisions"}],"predecessor-version":[{"id":2600,"href":"http:\/\/xn--hamsterclub-hntrop-1979-klc.de\/index.php\/wp-json\/wp\/v2\/pages\/71\/revisions\/2600"}],"wp:attachment":[{"href":"http:\/\/xn--hamsterclub-hntrop-1979-klc.de\/index.php\/wp-json\/wp\/v2\/media?parent=71"}],"curies":[{"name":"wp","href":"https:\/\/api.w.org\/{rel}","templated":true}]}}